{"id":327,"date":"2023-10-02T17:39:31","date_gmt":"2023-10-02T17:39:31","guid":{"rendered":"http:\/\/www.srfa.ro\/rrfa\/?page_id=327"},"modified":"2025-06-11T12:20:40","modified_gmt":"2025-06-11T10:20:40","slug":"2019-vol-xiii-issues-1-2-double-issue","status":"publish","type":"page","link":"https:\/\/www.srfa.ro\/rrfa\/2019-vol-xiii-issues-1-2-double-issue\/","title":{"rendered":"2019, Vol XIII, Issues 1-2 (double issue)"},"content":{"rendered":"\n<p><strong>Issue 1<\/strong><\/p>\n\n\n\n<p><a href=\"https:\/\/www.srfa.ro\/rrfa\/mircea-flonta-o-controversa-filosofica-tipica-disputa-popper-kuhn\/\">MIRCEA FLONTA, O controvers\u0103 filosofic\u0103 tipic\u0103? Disputa Popper-Kuhn<\/a> \u2026\u2026\u2026\u2026 7<br><a href=\"https:\/\/www.srfa.ro\/rrfa\/micah-thomas-pimaro-jr-analogical-reasoning-and-the-question-of-climatechange-litigation\/\">MICAH THOMAS PIMARO, JR., Analogical Reasoning and the Question of Climate<br>Change Litigation<\/a> \u2026\u2026\u2026\u2026\u2026\u2026\u2026\u2026\u2026\u2026\u2026\u2026\u2026\u2026\u2026\u2026\u2026\u2026\u2026\u2026\u2026\u2026\u2026\u2026\u2026\u2026\u2026\u2026\u2026\u2026\u2026\u2026. 23<br><a href=\"https:\/\/www.srfa.ro\/rrfa\/daian-bica-vaguitatea-practicilor-stiintifice-recenzie-la-nancy-cartwrightnature-the-artful-modeler\/\">DAIAN BICA, Vaguitatea practicilor \u0219tiin\u021bifice (Recenzie la Nancy Cartwright,<br>Nature, the Artful Modeler<\/a>, Open Court, Chicago, 2019) \u2026\u2026\u2026\u2026\u2026\u2026\u2026\u2026\u2026\u2026\u2026.. 47<\/p>\n\n\n\n<p><strong>Issue 2<\/strong><\/p>\n\n\n\n<p><a href=\"https:\/\/www.srfa.ro\/rrfa\/nickolas-carrillo-andean-philosophy-responding-to-western-relationalontologies\/\" data-type=\"link\" data-id=\"https:\/\/www.srfa.ro\/rrfa\/nickolas-carrillo-andean-philosophy-responding-to-western-relationalontologies\/\">NICKOLAS CARRILLO, Andean Philosophy Responding to Western Relational<br>Ontologies: Renewed Dialogue between Analytic Philosophy and Indigenous<br>Philosophical Perspective<\/a>s \u2026\u2026\u2026\u2026\u2026\u2026\u2026\u2026\u2026\u2026\u2026\u2026\u2026\u2026\u2026\u2026\u2026\u2026\u2026\u2026\u2026\u2026\u2026\u2026\u2026\u2026\u2026. 53<br><a href=\"https:\/\/www.srfa.ro\/rrfa\/daian-bica-laws-across-scientific-perspectives\/\">DAIAN BICA, Laws Across Scientific Perspectiv<\/a><a href=\"https:\/\/www.srfa.ro\/rrfa\/2023\/10\/02\/daian-bica-laws-across-scientific-perspectives\/\">es<\/a> \u2026\u2026\u2026\u2026\u2026\u2026\u2026\u2026\u2026\u2026\u2026\u2026\u2026\u2026\u2026\u2026\u2026.. 65<br><a href=\"https:\/\/www.srfa.ro\/rrfa\/sandra-catalina-branzaru-llinas-suau-exploring-peter-goldies-coreconcerns-a-review-of-art-mind-and-narrative\/\" data-type=\"post\" data-id=\"384\">SANDRA-C\u0102T\u0102LINA BR\u00c2NZARU-LLINAS SUAU, Exploring Peter Goldie&#8217;s Core<br>Concerns (A review of Art, Mind and Narrative<\/a>: Themes from the Work of<br>Peter Goldie. Edited by Julian Dodd, Oxford University Press, 2016) \u2026\u2026\u2026\u2026 89<\/p>\n\n\n\n<p><\/p>\n","protected":false},"excerpt":{"rendered":"<p>Issue 1 MIRCEA FLONTA, O controvers\u0103 filosofic\u0103 tipic\u0103? Disputa Popper-Kuhn \u2026\u2026\u2026\u2026 7MICAH THOMAS PIMARO, JR., Analogical Reasoning and the Question of ClimateChange Litigation \u2026\u2026\u2026\u2026\u2026\u2026\u2026\u2026\u2026\u2026\u2026\u2026\u2026\u2026\u2026\u2026\u2026\u2026\u2026\u2026\u2026\u2026\u2026\u2026\u2026\u2026\u2026\u2026\u2026\u2026\u2026\u2026. 23DAIAN BICA, Vaguitatea practicilor \u0219tiin\u021bifice (Recenzie la Nancy Cartwright,Nature, the Artful Modeler, Open Court, Chicago, 2019) \u2026\u2026\u2026\u2026\u2026\u2026\u2026\u2026\u2026\u2026\u2026.. 47 Issue 2 NICKOLAS CARRILLO, Andean Philosophy Responding to Western RelationalOntologies: Renewed Dialogue between&hellip; <\/p>\n<p><a class=\"more-link\" href=\"https:\/\/www.srfa.ro\/rrfa\/2019-vol-xiii-issues-1-2-double-issue\/\">Continue reading <span class=\"meta-nav\">&rarr;<\/span><\/a><\/p>\n","protected":false},"author":1,"featured_media":0,"parent":0,"menu_order":0,"comment_status":"closed","ping_status":"closed","template":"","meta":{"footnotes":""},"class_list":["post-327","page","type-page","status-publish","hentry","xfolkentry","clearfix"],"_links":{"self":[{"href":"https:\/\/www.srfa.ro\/rrfa\/wp-json\/wp\/v2\/pages\/327","targetHints":{"allow":["GET"]}}],"collection":[{"href":"https:\/\/www.srfa.ro\/rrfa\/wp-json\/wp\/v2\/pages"}],"about":[{"href":"https:\/\/www.srfa.ro\/rrfa\/wp-json\/wp\/v2\/types\/page"}],"author":[{"embeddable":true,"href":"https:\/\/www.srfa.ro\/rrfa\/wp-json\/wp\/v2\/users\/1"}],"replies":[{"embeddable":true,"href":"https:\/\/www.srfa.ro\/rrfa\/wp-json\/wp\/v2\/comments?post=327"}],"version-history":[{"count":3,"href":"https:\/\/www.srfa.ro\/rrfa\/wp-json\/wp\/v2\/pages\/327\/revisions"}],"predecessor-version":[{"id":810,"href":"https:\/\/www.srfa.ro\/rrfa\/wp-json\/wp\/v2\/pages\/327\/revisions\/810"}],"wp:attachment":[{"href":"https:\/\/www.srfa.ro\/rrfa\/wp-json\/wp\/v2\/media?parent=327"}],"curies":[{"name":"wp","href":"https:\/\/api.w.org\/{rel}","templated":true}]}}