{"id":228,"date":"2019-06-10T17:11:07","date_gmt":"2019-06-10T17:11:07","guid":{"rendered":"http:\/\/www.srfa.ro\/rrfa\/?page_id=228"},"modified":"2025-06-11T14:20:18","modified_gmt":"2025-06-11T12:20:18","slug":"2015-vol-ix-no-2-jul-dec-2015","status":"publish","type":"page","link":"https:\/\/www.srfa.ro\/rrfa\/2015-vol-ix-no-2-jul-dec-2015\/","title":{"rendered":"2015, Vol IX, no. 2 (Jul-Dec 2015)"},"content":{"rendered":"\n<p class=\"has-text-align-left\"><strong>CONTENTS<\/strong><br> <strong>STUDII<\/strong><br><a href=\"https:\/\/www.srfa.ro\/rrfa\/the-nature-of-the-structures-of-applied-mathematics-by-catalin-barboianu\/\" target=\"_blank\" rel=\"noreferrer noopener\"> C\u0102T\u0102LIN B\u0102RBOIANU, The Nature of the Structures of Applied   Mathematics<\/a> \u2026\u2026\u2026\u2026\u2026\u2026\u2026\u2026\u2026\u2026. 7<br> <a href=\"https:\/\/www.srfa.ro\/rrfa\/a-critique-on-mcginn-counterarguments-on-russells-theory-of-existence-by-paula-pompilia-tomi\/\" target=\"_blank\" rel=\"noreferrer noopener\">PAULA POMPILIA TOMI, A Critique on McGinn Counterarguments on Russell\u2019s Theory of Existence<\/a> \u2026\u2026\u2026\u2026\u2026\u2026\u2026\u2026\u2026 39<br> <a href=\"https:\/\/www.srfa.ro\/rrfa\/utilitarianism-consequentialism-and-making-room-for-supererogation-by-nora-grigore\/\" target=\"_blank\" rel=\"noreferrer noopener\">NORA GRIGORE, Utilitarianism, Consequentialism and Making Room for<br> Supererogation<\/a> \u2026\u2026\u2026\u2026.. 51<br><a href=\"https:\/\/www.srfa.ro\/rrfa\/can-poverty-be-successfully-eradicated-by-taking-into-account-only-capabilities-by-ingrid-niculescu\/\" target=\"_blank\" rel=\"noreferrer noopener\"> INGRID NICULESCU, Can Poverty Be Successfully Eradicated by Taking<br> into Account only \u201cCapabilities\u201d?<\/a> \u2026\u2026\u2026\u2026\u2026\u2026. 75<\/p>\n\n\n\n<p><\/p>\n\n\n\n<p><strong><a href=\"https:\/\/www.srfa.ro\/rrfa\/wp-content\/uploads\/2019\/06\/Revista-RRFA-X-nr.2-pe-2015.pdf\" target=\"_blank\" rel=\"noreferrer noopener\" aria-label=\"Download PDF of the full issue (opens in a new tab)\">Download PDF of the full issue<\/a><\/strong><\/p>\n\n\n<a href=\"https:\/\/www.srfa.ro\/rrfa\/wp-content\/uploads\/2019\/06\/Revista-RRFA-X-nr.2-pe-2015.pdf\" class=\"pdfemb-viewer\" style=\"\" data-width=\"max\" data-height=\"max\" data-toolbar=\"bottom\" data-toolbar-fixed=\"off\">Revista-RRFA-X-nr.2-pe-2015<\/a>\n<p class=\"wp-block-pdfemb-pdf-embedder-viewer\"><\/p>\n","protected":false},"excerpt":{"rendered":"<p>CONTENTS STUDII C\u0102T\u0102LIN B\u0102RBOIANU, The Nature of the Structures of Applied Mathematics \u2026\u2026\u2026\u2026\u2026\u2026\u2026\u2026\u2026\u2026. 7 PAULA POMPILIA TOMI, A Critique on McGinn Counterarguments on Russell\u2019s Theory of Existence \u2026\u2026\u2026\u2026\u2026\u2026\u2026\u2026\u2026 39 NORA GRIGORE, Utilitarianism, Consequentialism and Making Room for Supererogation \u2026\u2026\u2026\u2026.. 51 INGRID NICULESCU, Can Poverty Be Successfully Eradicated by Taking into Account only \u201cCapabilities\u201d? \u2026\u2026\u2026\u2026\u2026\u2026. 75&hellip; <\/p>\n<p><a class=\"more-link\" href=\"https:\/\/www.srfa.ro\/rrfa\/2015-vol-ix-no-2-jul-dec-2015\/\">Continue reading <span class=\"meta-nav\">&rarr;<\/span><\/a><\/p>\n","protected":false},"author":1,"featured_media":0,"parent":0,"menu_order":0,"comment_status":"closed","ping_status":"closed","template":"","meta":{"footnotes":""},"class_list":["post-228","page","type-page","status-publish","hentry","xfolkentry","clearfix"],"_links":{"self":[{"href":"https:\/\/www.srfa.ro\/rrfa\/wp-json\/wp\/v2\/pages\/228","targetHints":{"allow":["GET"]}}],"collection":[{"href":"https:\/\/www.srfa.ro\/rrfa\/wp-json\/wp\/v2\/pages"}],"about":[{"href":"https:\/\/www.srfa.ro\/rrfa\/wp-json\/wp\/v2\/types\/page"}],"author":[{"embeddable":true,"href":"https:\/\/www.srfa.ro\/rrfa\/wp-json\/wp\/v2\/users\/1"}],"replies":[{"embeddable":true,"href":"https:\/\/www.srfa.ro\/rrfa\/wp-json\/wp\/v2\/comments?post=228"}],"version-history":[{"count":8,"href":"https:\/\/www.srfa.ro\/rrfa\/wp-json\/wp\/v2\/pages\/228\/revisions"}],"predecessor-version":[{"id":826,"href":"https:\/\/www.srfa.ro\/rrfa\/wp-json\/wp\/v2\/pages\/228\/revisions\/826"}],"wp:attachment":[{"href":"https:\/\/www.srfa.ro\/rrfa\/wp-json\/wp\/v2\/media?parent=228"}],"curies":[{"name":"wp","href":"https:\/\/api.w.org\/{rel}","templated":true}]}}