{"id":133,"date":"2017-12-11T18:58:39","date_gmt":"2017-12-11T18:58:39","guid":{"rendered":"http:\/\/www.srfa.ro\/rrfa\/?page_id=133"},"modified":"2017-12-11T18:58:39","modified_gmt":"2017-12-11T18:58:39","slug":"2007-vol-i-no-1-jul-dec-2007","status":"publish","type":"page","link":"https:\/\/www.srfa.ro\/rrfa\/2007-vol-i-no-1-jul-dec-2007\/","title":{"rendered":"2007 Vol. I, no. 1 (Jul &#8211; Dec 2007)"},"content":{"rendered":"<table class=\"borderAll\" border=\"0\" width=\"800\" cellspacing=\"0\" cellpadding=\"0\" bgcolor=\"#F1F1F1\">\n<tbody>\n<tr>\n<td class=\"sectiune\" align=\"left\" valign=\"middle\">STUDIES<\/td>\n<\/tr>\n<tr>\n<td class=\"dateArticol\" align=\"left\" valign=\"middle\" width=\"600\"><span id=\"autor\">Ilie P\u00c2RVU<\/span><br \/>\n<span id=\"titlu\"><a href=\"https:\/\/www.srfa.ro\/rrfa-old\/pdf\/2007_1_03_parvu.pdf\" target=\"_blank\" rel=\"noopener\">TRADI\u0162II ALE FILOSOFIEI ANALITICE \u00ceN ROM\u00c2NIA<\/a><\/span><\/td>\n<\/tr>\n<tr>\n<td class=\"dateArticol\" align=\"left\" valign=\"middle\" width=\"600\"><span id=\"autor\">Marin B\u0102LAN<\/span><br \/>\n<span id=\"titlu\"><a href=\"https:\/\/www.srfa.ro\/rrfa-old\/pdf\/2007_1_04_balan.pdf\" target=\"_blank\" rel=\"noopener\">FILOSOFIA ANALITIC\u0102 \u015eI FILOSOFIA MEDIEVAL\u0102<\/a><\/span><\/td>\n<\/tr>\n<tr>\n<td class=\"dateArticol\" align=\"left\" valign=\"middle\" width=\"600\"><span id=\"autor\">Christopher KIRWAN<\/span><br \/>\n<span id=\"titlu\"><a href=\"https:\/\/www.srfa.ro\/rrfa-old\/pdf\/2007_1_05_kirwan.pdf\" target=\"_blank\" rel=\"noopener\">FORMA DEMONSTRA\u0162IEI LUI MILL DIN CAPITOLUL 4 AL LUCR\u0102RII UTILITARISMUL<\/a><\/span><\/td>\n<\/tr>\n<tr>\n<td class=\"dateArticol\" align=\"left\" valign=\"middle\" width=\"600\"><span id=\"autor\">Mircea DUMITRU<\/span><br \/>\n<span id=\"titlu\"><a href=\"https:\/\/www.srfa.ro\/rrfa-old\/pdf\/2007_1_06_dumitru.pdf\" target=\"_blank\" rel=\"noopener\">OBIECTE FIC\u0162IONALE \u015eI DESCRIP\u0162II LIBERE<\/a><\/span><\/td>\n<\/tr>\n<tr>\n<td class=\"dateArticol\" align=\"left\" valign=\"middle\" width=\"600\"><span id=\"autor\">Constantin STOENESCU<\/span><br \/>\n<span id=\"titlu\"><a href=\"https:\/\/www.srfa.ro\/rrfa-old\/pdf\/2007_1_07_stoenescu.pdf\" target=\"_blank\" rel=\"noopener\">CINE A UCIS POZITIVISMUL LOGIC? DOSARUL UNUI AUTODENUN\u0162: KARL R. POPPER<\/a><\/span><\/td>\n<\/tr>\n<tr>\n<td class=\"dateArticol\" align=\"left\" valign=\"middle\" width=\"600\"><span id=\"autor\">Valentin MURE\u015eAN<\/span><br \/>\n<span id=\"titlu\"><a href=\"https:\/\/www.srfa.ro\/rrfa-old\/pdf\/2007_1_08_muresan.pdf\" target=\"_blank\" rel=\"noopener\">ESTE ETICA APLICAT\u0102 O APLICARE A ETICII?<\/a><\/span><\/td>\n<\/tr>\n<tr>\n<td class=\"dateArticol\" align=\"left\" valign=\"middle\" width=\"600\"><span id=\"autor\">Cristian DUCU<\/span><br \/>\n<span id=\"titlu\"><a href=\"https:\/\/www.srfa.ro\/rrfa-old\/pdf\/2007_1_09_ducu.pdf\" target=\"_blank\" rel=\"noopener\">ARGUMENTELE LUI JOHN STUART MILL PENTRU PRINCIPIUL NON-INTERVEN\u0162IEI<\/a><\/span><\/td>\n<\/tr>\n<tr>\n<td class=\"dateArticol\" align=\"left\" valign=\"middle\" width=\"600\"><\/td>\n<\/tr>\n<tr>\n<td class=\"sectiune\" align=\"left\" valign=\"middle\">INTERVIEW<\/td>\n<\/tr>\n<tr>\n<td class=\"dateArticol\" align=\"left\" valign=\"middle\"><span id=\"titlu\"><a href=\"https:\/\/www.srfa.ro\/rrfa-old\/pdf\/2007_1_10_flonta.pdf\" target=\"_blank\" rel=\"noopener\">MIRCEA FLONTA: Filosofia analitica m-a impresionat prin autenticitate, claritate, sobrietate si onestitate intelectuala<\/a><\/span><\/td>\n<\/tr>\n<\/tbody>\n<\/table>\n","protected":false},"excerpt":{"rendered":"<p>STUDIES Ilie P\u00c2RVU TRADI\u0162II ALE FILOSOFIEI ANALITICE \u00ceN ROM\u00c2NIA Marin B\u0102LAN FILOSOFIA ANALITIC\u0102 \u015eI FILOSOFIA MEDIEVAL\u0102 Christopher KIRWAN FORMA DEMONSTRA\u0162IEI LUI MILL DIN CAPITOLUL 4 AL LUCR\u0102RII UTILITARISMUL Mircea DUMITRU OBIECTE FIC\u0162IONALE \u015eI DESCRIP\u0162II LIBERE Constantin STOENESCU CINE A UCIS POZITIVISMUL LOGIC? DOSARUL UNUI AUTODENUN\u0162: KARL R. POPPER Valentin MURE\u015eAN ESTE ETICA APLICAT\u0102 O APLICARE&hellip; <\/p>\n<p><a class=\"more-link\" href=\"https:\/\/www.srfa.ro\/rrfa\/2007-vol-i-no-1-jul-dec-2007\/\">Continue reading <span class=\"meta-nav\">&rarr;<\/span><\/a><\/p>\n","protected":false},"author":1,"featured_media":0,"parent":0,"menu_order":0,"comment_status":"closed","ping_status":"closed","template":"","meta":{"footnotes":""},"class_list":["post-133","page","type-page","status-publish","hentry","xfolkentry","clearfix"],"_links":{"self":[{"href":"https:\/\/www.srfa.ro\/rrfa\/wp-json\/wp\/v2\/pages\/133","targetHints":{"allow":["GET"]}}],"collection":[{"href":"https:\/\/www.srfa.ro\/rrfa\/wp-json\/wp\/v2\/pages"}],"about":[{"href":"https:\/\/www.srfa.ro\/rrfa\/wp-json\/wp\/v2\/types\/page"}],"author":[{"embeddable":true,"href":"https:\/\/www.srfa.ro\/rrfa\/wp-json\/wp\/v2\/users\/1"}],"replies":[{"embeddable":true,"href":"https:\/\/www.srfa.ro\/rrfa\/wp-json\/wp\/v2\/comments?post=133"}],"version-history":[{"count":1,"href":"https:\/\/www.srfa.ro\/rrfa\/wp-json\/wp\/v2\/pages\/133\/revisions"}],"predecessor-version":[{"id":134,"href":"https:\/\/www.srfa.ro\/rrfa\/wp-json\/wp\/v2\/pages\/133\/revisions\/134"}],"wp:attachment":[{"href":"https:\/\/www.srfa.ro\/rrfa\/wp-json\/wp\/v2\/media?parent=133"}],"curies":[{"name":"wp","href":"https:\/\/api.w.org\/{rel}","templated":true}]}}