{"id":115,"date":"2017-12-11T18:53:38","date_gmt":"2017-12-11T18:53:38","guid":{"rendered":"http:\/\/www.srfa.ro\/rrfa\/?page_id=115"},"modified":"2017-12-11T18:53:38","modified_gmt":"2017-12-11T18:53:38","slug":"issue-1-2012-vol-vi-no-1-jan-jun-2012","status":"publish","type":"page","link":"https:\/\/www.srfa.ro\/rrfa\/issue-1-2012-vol-vi-no-1-jan-jun-2012\/","title":{"rendered":"Issue 1\/2012 Vol. VI, no. 1 (Jan &#8211; Jun 2012)"},"content":{"rendered":"<table class=\"borderAll\" border=\"0\" width=\"800\" cellspacing=\"0\" cellpadding=\"0\" bgcolor=\"#F1F1F1\">\n<tbody>\n<tr>\n<td align=\"left\" valign=\"top\"><\/td>\n<\/tr>\n<tr>\n<td class=\"sectiune\" align=\"left\" valign=\"middle\">STUDIES<\/td>\n<\/tr>\n<tr>\n<td class=\"dateArticol\" align=\"left\" valign=\"middle\" width=\"600\"><span id=\"autor\">Thomas NAGEL<\/span><br \/>\n<span id=\"titlu\"><a href=\"https:\/\/www.srfa.ro\/rrfa-old\/pdf\/rrfa_VI-1-thomas-nagel.pdf\">Conceiving the impossible and the mind-body problem<\/a><\/span><\/td>\n<\/tr>\n<tr>\n<td class=\"dateArticol\" align=\"left\" valign=\"middle\" width=\"600\"><span id=\"autor\">Michael DEVITT<\/span><br \/>\n<span id=\"titlu\"><a href=\"https:\/\/www.srfa.ro\/rrfa-old\/pdf\/rrfa_VI-1-michael-devitt.pdf\">Intuitions<\/a><\/span><\/td>\n<\/tr>\n<tr>\n<td class=\"dateArticol\" align=\"left\" valign=\"middle\" width=\"600\"><span id=\"autor\">Dimitar G. IVANOV<\/span><br \/>\n<span id=\"titlu\"><a href=\"https:\/\/www.srfa.ro\/rrfa-old\/pdf\/rrfa_VI-1-dimitar-ivanov.pdf\">The value of truth<\/a><\/span><\/td>\n<\/tr>\n<tr>\n<td class=\"dateArticol\" align=\"left\" valign=\"middle\" width=\"600\"><span id=\"autor\">Shunzo MAJIMA<\/span><br \/>\n<span id=\"titlu\"><a href=\"https:\/\/www.srfa.ro\/rrfa-old\/pdf\/rrfa_VI-1-shunzo-majima.pdf\">Victimile uitate ale interven\u021biei umanitare militare: un caz \u00een favoarea principiului repara\u021biei?<\/a><\/span><\/td>\n<\/tr>\n<tr>\n<td class=\"dateArticol\" align=\"left\" valign=\"middle\" width=\"600\"><span id=\"autor\">Adrian-Paul ILIESCU<\/span><br \/>\n<span id=\"titlu\"><a href=\"https:\/\/www.srfa.ro\/rrfa-old\/pdf\/rrfa_VI-1-adrianp-iliescu.pdf\">Universal human rights versus public interest<\/a><\/span><\/td>\n<\/tr>\n<tr>\n<td class=\"sectiune\" align=\"left\" valign=\"middle\">INTERVIEW<\/td>\n<\/tr>\n<tr>\n<td class=\"dateArticol\" align=\"left\" valign=\"middle\"><span id=\"titlu\"><a href=\"https:\/\/www.srfa.ro\/rrfa-old\/pdf\/rrfa_VI_1_interview_Ken_Binmore.pdf\">Ken BINMORE: \u201eIt would be very good if more philosophers had analytical training.\u201d<\/a><\/span><\/td>\n<\/tr>\n<tr>\n<td class=\"sectiune\" align=\"left\" valign=\"middle\">EVENTS<\/td>\n<\/tr>\n<tr>\n<td class=\"dateArticol\" align=\"left\" valign=\"middle\" width=\"600\"><span id=\"autor\">Ioan BIRI\u0218<\/span><br \/>\n<span id=\"titlu\"><a href=\"https:\/\/www.srfa.ro\/rrfa-old\/pdf\/rrfa_VI-1-ioan-birisen.pdf\">The analytic philosophy of science at the Western University of Timi\u0219oara<\/a><\/span><\/td>\n<\/tr>\n<tr>\n<td class=\"dateArticol\" align=\"left\" valign=\"middle\" width=\"600\"><span id=\"autor\">Ioan BIRI\u0218<\/span><br \/>\n<span id=\"titlu\"><a href=\"https:\/\/www.srfa.ro\/rrfa-old\/pdf\/rrfa_VI-1-ioan-biris.pdf\">Filosofia \u0219tiin\u021bei \u00een perspectiv\u0103 analitic\u0103 la Universitatea de Vest din Timi\u0219oara<\/a><\/span><\/td>\n<\/tr>\n<\/tbody>\n<\/table>\n","protected":false},"excerpt":{"rendered":"<p>STUDIES Thomas NAGEL Conceiving the impossible and the mind-body problem Michael DEVITT Intuitions Dimitar G. IVANOV The value of truth Shunzo MAJIMA Victimile uitate ale interven\u021biei umanitare militare: un caz \u00een favoarea principiului repara\u021biei? Adrian-Paul ILIESCU Universal human rights versus public interest INTERVIEW Ken BINMORE: \u201eIt would be very good if more philosophers had analytical&hellip; <\/p>\n<p><a class=\"more-link\" href=\"https:\/\/www.srfa.ro\/rrfa\/issue-1-2012-vol-vi-no-1-jan-jun-2012\/\">Continue reading <span class=\"meta-nav\">&rarr;<\/span><\/a><\/p>\n","protected":false},"author":1,"featured_media":0,"parent":0,"menu_order":0,"comment_status":"closed","ping_status":"closed","template":"","meta":{"footnotes":""},"class_list":["post-115","page","type-page","status-publish","hentry","xfolkentry","clearfix"],"_links":{"self":[{"href":"https:\/\/www.srfa.ro\/rrfa\/wp-json\/wp\/v2\/pages\/115","targetHints":{"allow":["GET"]}}],"collection":[{"href":"https:\/\/www.srfa.ro\/rrfa\/wp-json\/wp\/v2\/pages"}],"about":[{"href":"https:\/\/www.srfa.ro\/rrfa\/wp-json\/wp\/v2\/types\/page"}],"author":[{"embeddable":true,"href":"https:\/\/www.srfa.ro\/rrfa\/wp-json\/wp\/v2\/users\/1"}],"replies":[{"embeddable":true,"href":"https:\/\/www.srfa.ro\/rrfa\/wp-json\/wp\/v2\/comments?post=115"}],"version-history":[{"count":1,"href":"https:\/\/www.srfa.ro\/rrfa\/wp-json\/wp\/v2\/pages\/115\/revisions"}],"predecessor-version":[{"id":116,"href":"https:\/\/www.srfa.ro\/rrfa\/wp-json\/wp\/v2\/pages\/115\/revisions\/116"}],"wp:attachment":[{"href":"https:\/\/www.srfa.ro\/rrfa\/wp-json\/wp\/v2\/media?parent=115"}],"curies":[{"name":"wp","href":"https:\/\/api.w.org\/{rel}","templated":true}]}}